{"id":216,"date":"2026-02-25T21:11:57","date_gmt":"2026-02-25T21:11:57","guid":{"rendered":"https:\/\/airenaonline.com\/?page_id=216"},"modified":"2026-03-17T21:39:29","modified_gmt":"2026-03-17T21:39:29","slug":"envios","status":"publish","type":"page","link":"https:\/\/airenaonline.com\/en\/envios\/","title":{"rendered":"Shipping"},"content":{"rendered":"<p class=\"has-theme-5-color has-text-color has-link-color wp-elements-02f862603064e9b30e4991690473388c\"><strong>Coverage<\/strong><\/p>\n\n\n\n<p>We ship to all of Colombia.<\/p>\n\n\n\n<p><strong>Delivery Time<\/strong><\/p>\n\n\n\n<p>The estimated delivery time is 3 to 10 business days after payment confirmation.<\/p>\n\n\n\n<p>Times may vary depending on the city and the shipping carrier.<\/p>\n\n\n\n<p><strong>Shipping costs<\/strong><\/p>\n\n\n\n<p>The shipping cost will be calculated at checkout, depending on:<br>\u2022 destination city<br>\u2022 product weight<br>\u2022 shipping carrier<\/p>\n\n\n\n<p><strong>Delivery Attempts<\/strong><\/p>\n\n\n\n<p>The shipping carrier will make up to two delivery attempts.<\/p>\n\n\n\n<p>If the order cannot be delivered, it will be returned and the product will be refunded, deducting the shipping cost.<\/p>\n\n\n\n<p><\/p>","protected":false},"excerpt":{"rendered":"<p>Cobertura Realizamos env\u00edos a todo el territorio colombiano. Tiempo de entrega El tiempo estimado de entrega es de hasta 3 a 10 d\u00edas h\u00e1biles despu\u00e9s de la confirmaci\u00f3n del pago. Los tiempos pueden variar seg\u00fan la ciudad y la transportadora. Costos de env\u00edo El valor del env\u00edo se calcular\u00e1 al momento de finalizar la compra, [&hellip;]<\/p>\n","protected":false},"author":1,"featured_media":0,"parent":0,"menu_order":0,"comment_status":"closed","ping_status":"closed","template":"","meta":{"footnotes":""},"class_list":["post-216","page","type-page","status-publish","hentry"],"_links":{"self":[{"href":"https:\/\/airenaonline.com\/en\/wp-json\/wp\/v2\/pages\/216","targetHints":{"allow":["GET"]}}],"collection":[{"href":"https:\/\/airenaonline.com\/en\/wp-json\/wp\/v2\/pages"}],"about":[{"href":"https:\/\/airenaonline.com\/en\/wp-json\/wp\/v2\/types\/page"}],"author":[{"embeddable":true,"href":"https:\/\/airenaonline.com\/en\/wp-json\/wp\/v2\/users\/1"}],"replies":[{"embeddable":true,"href":"https:\/\/airenaonline.com\/en\/wp-json\/wp\/v2\/comments?post=216"}],"version-history":[{"count":15,"href":"https:\/\/airenaonline.com\/en\/wp-json\/wp\/v2\/pages\/216\/revisions"}],"predecessor-version":[{"id":1113,"href":"https:\/\/airenaonline.com\/en\/wp-json\/wp\/v2\/pages\/216\/revisions\/1113"}],"wp:attachment":[{"href":"https:\/\/airenaonline.com\/en\/wp-json\/wp\/v2\/media?parent=216"}],"curies":[{"name":"wp","href":"https:\/\/api.w.org\/{rel}","templated":true}]}}